{"id":445,"date":"2023-05-20T10:36:12","date_gmt":"2023-05-20T08:36:12","guid":{"rendered":"https:\/\/reineraiko.com\/?post_type=product&#038;p=445"},"modified":"2023-05-20T10:40:02","modified_gmt":"2023-05-20T08:40:02","slug":"formation-rehaussement-cils-et-brow-lifting-my-lamination","status":"publish","type":"product","link":"https:\/\/reineraiko.com\/en\/product\/formation-rehaussement-cils-et-brow-lifting-my-lamination\/","title":{"rendered":"Formation Rehaussement Cils et Brow Lifting My Lamination"},"content":{"rendered":"<p>Vous voulez apprendre quatre nouvelles techniques de la beaut\u00e9 du regard ?<\/p>\n<p>Vous voulez devenir la meilleure LAMI MAKER?<\/p>\n<p>MY LAMINATION\u00ae Suisse et Raiko Beauty Acad\u00e9mie vous pr\u00e9sente la formation:<\/p>\n<p>My Lamination\u00ae 4 en 1:<\/p>\n<p>\u2714 Rehaussement \/ Lamination de cils LASH LIFT<\/p>\n<p>\u2714 Lamination de sourcils BROW LIFT<\/p>\n<p>\u2714 Teinture de cils et sourcils<\/p>\n<p>\u2714 VITAMINE LASHBOTOX<\/p>\n<p>Dur\u00e9e: sur 1 journ\u00e9e (de 9h30 \u00e0 16h30);<\/p>\n<p>Mod\u00e8le: Il faudra pr\u00e9voir une mod\u00e8le pour votre session de formation. De pr\u00e9f\u00e9rence une mod\u00e8le plut\u00f4t jeune pour avoir un maximum de cils naturels.<\/p>\n<p>(Merci de bien vouloir prendre en compte que votre mod\u00e8le ne peut pas assister \u00e0 la partie th\u00e9orie et devra se pr\u00e9senter \u00e0 l\u2019heure pr\u00e9vue dans le programme de formation).<\/p>\n<p>Date disponible:<\/p>\n<p>le 6 Juin 2023<\/p>\n<p>Acompte et paiement :<\/p>\n<p>Le prix de la formation:<\/p>\n<p>Option 1 : 650.- avec Kit My Lamination pour 10-15 personnes, 2 certificats de formation, suivi 1 mois apr\u00e8s la formation.<\/p>\n<p>Option 2: 550.- prix de la formation sans kit, 2 certificats de formation, suivi 1 mois apr\u00e8s la formation.<\/p>\n<p>L`inscription sera valid\u00e9e par le paiement total de la formation (650.-\/550-), selon votre choix.<\/p>\n<p>Par la suite, toute l`information concernant le programme, mod\u00e8le, etc sera envoy\u00e9e par message.<\/p>\n<p>Max 3 \u00e9l\u00e8ves par session<\/p>\n<p>Pr\u00e9 requis :<\/p>\n<p>Avoir une bonne vision (\u00e0 v\u00e9rifier chez un ophtalmologue avant formation).<\/p>\n<p>Savoir travailler avec pr\u00e9cision.<\/p>\n<p>Support de cours :<\/p>\n<p>Pr\u00e9sentation vid\u00e9o \u2013 bloc note \u2013 stylo<\/p>\n<p>Programme:<\/p>\n<p>9h30 \u2013 12h00 partie th\u00e9orique<\/p>\n<p>12h00 \u2013 13h00 pause<\/p>\n<p>13h00 \u2013 14h30 pr\u00e9sentation de la proc\u00e9dure Lamination cils et sourcils sur un mod\u00e8le par la formatrice<\/p>\n<p>14h30 \u2013 16h30 partie pratique sur votre mod\u00e8le, suivie par la formatrice<\/p>\n<p>Contenu:<\/p>\n<p>La formation la plus r\u00e9cente et la plus compl\u00e8te, comprenant:<\/p>\n<p># Manuel de formation.<\/p>\n<p># Mat\u00e9riel durant la formation compris dans le prix.<\/p>\n<p># Suivi apr\u00e8s le cours (pour la pratique avec vos mod\u00e8les).<\/p>\n<p># Certificat de formation My Lamination\u00ae personnalis\u00e9.<\/p>\n<p># Remise d\u2019un stickers certifi\u00e9 My LAMINATION pour votre institut.<\/p>\n<p># Nombre limit\u00e9 de participants.<\/p>\n<p># KIT complet d`initiation offert pour 10-15 clientes.<\/p>\n<p>La th\u00e9orie My Lamination:<\/p>\n<p>\u00d7 Pr\u00e9sentation<\/p>\n<p>\u00d7 Structure des cils naturels<\/p>\n<p>\u00d7 Le cycle de vie des cils<\/p>\n<p>\u00d7 Composition chimique des cils<\/p>\n<p>\u00d7 D\u00e9sinfection et st\u00e9rilisation<\/p>\n<p>\u00d7 Pr\u00e9sentation des produit<\/p>\n<p>\u00d7 Contre-indications<\/p>\n<p>\u00d7 Le test de sensibilit\u00e9<\/p>\n<p>\u00d7 Les proc\u00e9dures \u00e0 effectuer<\/p>\n<p>\u00d7 \u00c9tude de l\u2019efficacit\u00e9 du traitement My Lamination<\/p>\n<p>\u00d7 Particularit\u00e9s sur la forme des yeux<\/p>\n<p>\u00d7 Comment choisir le Pad en silicone<\/p>\n<p>\u00d7 Temps de pose des produits<\/p>\n<p>\u00d7 Techniques d\u2019application<\/p>\n<p>\u00d7 Courbure des cils in\u00e9gaux, pourquoi?<\/p>\n<p>\u00d7 Erreurs fr\u00e9quentes<\/p>\n<p>\u00d7 \u00c9tapes d\u00e9taill\u00e9es<\/p>\n<p>\u00d7 Partie pratique<\/p>\n<p>\u00d7 Post-traitement,<\/p>\n<p>\u00d7 Le BROW LIFT \u2013 pr\u00e9sentation<\/p>\n<p>\u00d7 Les techniques \u00e0 r\u00e9aliser le brow lift, etc.<\/p>\n<p>KIT complet d`initiation<\/p>\n<p>Min\u00e9ral Lashbrow 15 ml<\/p>\n<p>1 bo\u00eete avec 5 sachets cr\u00e8me Lifting<\/p>\n<p>1 bo\u00eete avec 5 sachets cr\u00e8me neutralisante<\/p>\n<p>1 bo\u00eete avec 5 sachets s\u00e9rum hydratant<\/p>\n<p>1 Adh\u00e9sive Lash Lift<\/p>\n<p>1 Developer<\/p>\n<p>1 Color Blue Black<\/p>\n<p>1 Color Brown<\/p>\n<p>1 applicateur<\/p>\n<p>1 mix silicon pads Pink<\/p>\n<p>20 microbrosses<\/p>\n<p>10 brosses \u00e0 cils<\/p>\n<p>5 paires eyepatch hydrogel<\/p>\n<p>Cadeau de l`Acad\u00e9mie Raiko Beauty :<\/p>\n<p>1 scotch papier<\/p>\n<p>1 lami pinceau<\/p>\n<p>1 lami container<\/p>\n<p>2 lami fix ribbons<\/p>\n<p>2 silicon eyepatch<\/p>\n<p>Votre Formatrice dipl\u00f4m\u00e9e MyLamination, \u00e0 Lausanne, Suisse souhaite vous transmettre le savoir faire de la technique de nouvelle g\u00e9n\u00e9ration.<\/p>\n<p>Informations et d\u00e9tails par Email : info@reineraiko.ch<\/p>\n","protected":false},"excerpt":{"rendered":"<p>MY LAMINATION\u00ae Suisse et Raiko Beauty Acad\u00e9mie pr\u00e9sente la formation:<\/p>\n<p><strong>My Lamination\u00ae 4 en 1:<\/strong><\/p>\n<p>\u2714 Rehaussement \/ Lamination de cils LASH LIFT<\/p>\n<p>\u2714 Lamination de sourcils BROW LIFT<\/p>\n<p>\u2714 Teinture de cils et sourcils<\/p>\n<p>\u2714 VITAMINE LASHBOTOX<\/p>\n","protected":false},"featured_media":448,"template":"","meta":[],"product_brand":[],"product_cat":[17],"product_tag":[],"class_list":{"0":"post-445","1":"product","2":"type-product","3":"status-publish","4":"has-post-thumbnail","6":"product_cat-off-line-courses","8":"first","9":"instock","10":"taxable","11":"shipping-taxable","12":"purchasable","13":"product-type-variable"},"yoast_head":"<!-- This site is optimized with the Yoast SEO Premium plugin v20.10 (Yoast SEO v27.1.1) - https:\/\/yoast.com\/product\/yoast-seo-premium-wordpress\/ -->\n<title>Formation Rehaussement Cils et Brow Lifting My Lamination - Raiko Academy<\/title>\n<meta name=\"robots\" content=\"index, follow, max-snippet:-1, max-image-preview:large, max-video-preview:-1\" \/>\n<link rel=\"canonical\" href=\"https:\/\/reineraiko.com\/produit\/formation-rehaussement-cils-et-brow-lifting-my-lamination\/\" \/>\n<meta property=\"og:locale\" content=\"en_US\" \/>\n<meta property=\"og:type\" content=\"article\" \/>\n<meta property=\"og:title\" content=\"Formation Rehaussement Cils et Brow Lifting My Lamination\" \/>\n<meta property=\"og:description\" content=\"MY LAMINATION\u00ae Suisse et Raiko Beauty Acad\u00e9mie pr\u00e9sente la formation: My Lamination\u00ae 4 en 1: \u2714 Rehaussement \/ Lamination de cils LASH LIFT \u2714 Lamination de sourcils BROW LIFT \u2714 Teinture de cils et sourcils \u2714 VITAMINE LASHBOTOX\" \/>\n<meta property=\"og:url\" content=\"https:\/\/reineraiko.com\/produit\/formation-rehaussement-cils-et-brow-lifting-my-lamination\/\" \/>\n<meta property=\"og:site_name\" content=\"Raiko Academy\" \/>\n<meta property=\"article:modified_time\" content=\"2023-05-20T08:40:02+00:00\" \/>\n<meta property=\"og:image\" content=\"https:\/\/reineraiko.com\/wp-content\/uploads\/2023\/05\/F15CE652-104C-409C-BBB2-5E27D8819164.jpg\" \/>\n\t<meta property=\"og:image:width\" content=\"1440\" \/>\n\t<meta property=\"og:image:height\" content=\"1440\" \/>\n\t<meta property=\"og:image:type\" content=\"image\/jpeg\" \/>\n<meta name=\"twitter:card\" content=\"summary_large_image\" \/>\n<meta name=\"twitter:label1\" content=\"Est. reading time\" \/>\n\t<meta name=\"twitter:data1\" content=\"3 minutes\" \/>\n<script type=\"application\/ld+json\" class=\"yoast-schema-graph\">{\"@context\":\"https:\/\/schema.org\",\"@graph\":[{\"@type\":\"WebPage\",\"@id\":\"https:\/\/reineraiko.com\/produit\/formation-rehaussement-cils-et-brow-lifting-my-lamination\/\",\"url\":\"https:\/\/reineraiko.com\/produit\/formation-rehaussement-cils-et-brow-lifting-my-lamination\/\",\"name\":\"Formation Rehaussement Cils et Brow Lifting My Lamination - Raiko Academy\",\"isPartOf\":{\"@id\":\"https:\/\/reineraiko.com\/#website\"},\"primaryImageOfPage\":{\"@id\":\"https:\/\/reineraiko.com\/produit\/formation-rehaussement-cils-et-brow-lifting-my-lamination\/#primaryimage\"},\"image\":{\"@id\":\"https:\/\/reineraiko.com\/produit\/formation-rehaussement-cils-et-brow-lifting-my-lamination\/#primaryimage\"},\"thumbnailUrl\":\"https:\/\/reineraiko.com\/wp-content\/uploads\/2023\/05\/F15CE652-104C-409C-BBB2-5E27D8819164.jpg\",\"datePublished\":\"2023-05-20T08:36:12+00:00\",\"dateModified\":\"2023-05-20T08:40:02+00:00\",\"breadcrumb\":{\"@id\":\"https:\/\/reineraiko.com\/produit\/formation-rehaussement-cils-et-brow-lifting-my-lamination\/#breadcrumb\"},\"inLanguage\":\"en-US\",\"potentialAction\":[{\"@type\":\"ReadAction\",\"target\":[\"https:\/\/reineraiko.com\/produit\/formation-rehaussement-cils-et-brow-lifting-my-lamination\/\"]}]},{\"@type\":\"ImageObject\",\"inLanguage\":\"en-US\",\"@id\":\"https:\/\/reineraiko.com\/produit\/formation-rehaussement-cils-et-brow-lifting-my-lamination\/#primaryimage\",\"url\":\"https:\/\/reineraiko.com\/wp-content\/uploads\/2023\/05\/F15CE652-104C-409C-BBB2-5E27D8819164.jpg\",\"contentUrl\":\"https:\/\/reineraiko.com\/wp-content\/uploads\/2023\/05\/F15CE652-104C-409C-BBB2-5E27D8819164.jpg\",\"width\":1440,\"height\":1440},{\"@type\":\"BreadcrumbList\",\"@id\":\"https:\/\/reineraiko.com\/produit\/formation-rehaussement-cils-et-brow-lifting-my-lamination\/#breadcrumb\",\"itemListElement\":[{\"@type\":\"ListItem\",\"position\":1,\"name\":\"Accueil\",\"item\":\"https:\/\/reineraiko.com\/en\/\"},{\"@type\":\"ListItem\",\"position\":2,\"name\":\"Catalog\",\"item\":\"https:\/\/reineraiko.com\/en\/shop-2\/\"},{\"@type\":\"ListItem\",\"position\":3,\"name\":\"Cours en pr\u00e9sentiel\",\"item\":\"https:\/\/reineraiko.com\/categorie-produit\/off-line-courses\/\"},{\"@type\":\"ListItem\",\"position\":4,\"name\":\"Formation Rehaussement Cils et Brow Lifting My Lamination\"}]},{\"@type\":\"WebSite\",\"@id\":\"https:\/\/reineraiko.com\/#website\",\"url\":\"https:\/\/reineraiko.com\/\",\"name\":\"Raiko Academy\",\"description\":\"\",\"publisher\":{\"@id\":\"https:\/\/reineraiko.com\/#organization\"},\"potentialAction\":[{\"@type\":\"SearchAction\",\"target\":{\"@type\":\"EntryPoint\",\"urlTemplate\":\"https:\/\/reineraiko.com\/?s={search_term_string}\"},\"query-input\":{\"@type\":\"PropertyValueSpecification\",\"valueRequired\":true,\"valueName\":\"search_term_string\"}}],\"inLanguage\":\"en-US\"},{\"@type\":\"Organization\",\"@id\":\"https:\/\/reineraiko.com\/#organization\",\"name\":\"Raiko Academy\",\"url\":\"https:\/\/reineraiko.com\/\",\"logo\":{\"@type\":\"ImageObject\",\"inLanguage\":\"en-US\",\"@id\":\"https:\/\/reineraiko.com\/#\/schema\/logo\/image\/\",\"url\":\"https:\/\/reineraiko.com\/wp-content\/uploads\/2023\/04\/cropped-logo-1.png\",\"contentUrl\":\"https:\/\/reineraiko.com\/wp-content\/uploads\/2023\/04\/cropped-logo-1.png\",\"width\":512,\"height\":512,\"caption\":\"Raiko Academy\"},\"image\":{\"@id\":\"https:\/\/reineraiko.com\/#\/schema\/logo\/image\/\"}}]}<\/script>\n<!-- \/ Yoast SEO Premium plugin. -->","yoast_head_json":{"title":"Formation Rehaussement Cils et Brow Lifting My Lamination - Raiko Academy","robots":{"index":"index","follow":"follow","max-snippet":"max-snippet:-1","max-image-preview":"max-image-preview:large","max-video-preview":"max-video-preview:-1"},"canonical":"https:\/\/reineraiko.com\/produit\/formation-rehaussement-cils-et-brow-lifting-my-lamination\/","og_locale":"en_US","og_type":"article","og_title":"Formation Rehaussement Cils et Brow Lifting My Lamination","og_description":"MY LAMINATION\u00ae Suisse et Raiko Beauty Acad\u00e9mie pr\u00e9sente la formation: My Lamination\u00ae 4 en 1: \u2714 Rehaussement \/ Lamination de cils LASH LIFT \u2714 Lamination de sourcils BROW LIFT \u2714 Teinture de cils et sourcils \u2714 VITAMINE LASHBOTOX","og_url":"https:\/\/reineraiko.com\/produit\/formation-rehaussement-cils-et-brow-lifting-my-lamination\/","og_site_name":"Raiko Academy","article_modified_time":"2023-05-20T08:40:02+00:00","og_image":[{"width":1440,"height":1440,"url":"https:\/\/reineraiko.com\/wp-content\/uploads\/2023\/05\/F15CE652-104C-409C-BBB2-5E27D8819164.jpg","type":"image\/jpeg"}],"twitter_card":"summary_large_image","twitter_misc":{"Est. reading time":"3 minutes"},"schema":{"@context":"https:\/\/schema.org","@graph":[{"@type":"WebPage","@id":"https:\/\/reineraiko.com\/produit\/formation-rehaussement-cils-et-brow-lifting-my-lamination\/","url":"https:\/\/reineraiko.com\/produit\/formation-rehaussement-cils-et-brow-lifting-my-lamination\/","name":"Formation Rehaussement Cils et Brow Lifting My Lamination - Raiko Academy","isPartOf":{"@id":"https:\/\/reineraiko.com\/#website"},"primaryImageOfPage":{"@id":"https:\/\/reineraiko.com\/produit\/formation-rehaussement-cils-et-brow-lifting-my-lamination\/#primaryimage"},"image":{"@id":"https:\/\/reineraiko.com\/produit\/formation-rehaussement-cils-et-brow-lifting-my-lamination\/#primaryimage"},"thumbnailUrl":"https:\/\/reineraiko.com\/wp-content\/uploads\/2023\/05\/F15CE652-104C-409C-BBB2-5E27D8819164.jpg","datePublished":"2023-05-20T08:36:12+00:00","dateModified":"2023-05-20T08:40:02+00:00","breadcrumb":{"@id":"https:\/\/reineraiko.com\/produit\/formation-rehaussement-cils-et-brow-lifting-my-lamination\/#breadcrumb"},"inLanguage":"en-US","potentialAction":[{"@type":"ReadAction","target":["https:\/\/reineraiko.com\/produit\/formation-rehaussement-cils-et-brow-lifting-my-lamination\/"]}]},{"@type":"ImageObject","inLanguage":"en-US","@id":"https:\/\/reineraiko.com\/produit\/formation-rehaussement-cils-et-brow-lifting-my-lamination\/#primaryimage","url":"https:\/\/reineraiko.com\/wp-content\/uploads\/2023\/05\/F15CE652-104C-409C-BBB2-5E27D8819164.jpg","contentUrl":"https:\/\/reineraiko.com\/wp-content\/uploads\/2023\/05\/F15CE652-104C-409C-BBB2-5E27D8819164.jpg","width":1440,"height":1440},{"@type":"BreadcrumbList","@id":"https:\/\/reineraiko.com\/produit\/formation-rehaussement-cils-et-brow-lifting-my-lamination\/#breadcrumb","itemListElement":[{"@type":"ListItem","position":1,"name":"Accueil","item":"https:\/\/reineraiko.com\/en\/"},{"@type":"ListItem","position":2,"name":"Catalog","item":"https:\/\/reineraiko.com\/en\/shop-2\/"},{"@type":"ListItem","position":3,"name":"Cours en pr\u00e9sentiel","item":"https:\/\/reineraiko.com\/categorie-produit\/off-line-courses\/"},{"@type":"ListItem","position":4,"name":"Formation Rehaussement Cils et Brow Lifting My Lamination"}]},{"@type":"WebSite","@id":"https:\/\/reineraiko.com\/#website","url":"https:\/\/reineraiko.com\/","name":"Raiko Academy","description":"","publisher":{"@id":"https:\/\/reineraiko.com\/#organization"},"potentialAction":[{"@type":"SearchAction","target":{"@type":"EntryPoint","urlTemplate":"https:\/\/reineraiko.com\/?s={search_term_string}"},"query-input":{"@type":"PropertyValueSpecification","valueRequired":true,"valueName":"search_term_string"}}],"inLanguage":"en-US"},{"@type":"Organization","@id":"https:\/\/reineraiko.com\/#organization","name":"Raiko Academy","url":"https:\/\/reineraiko.com\/","logo":{"@type":"ImageObject","inLanguage":"en-US","@id":"https:\/\/reineraiko.com\/#\/schema\/logo\/image\/","url":"https:\/\/reineraiko.com\/wp-content\/uploads\/2023\/04\/cropped-logo-1.png","contentUrl":"https:\/\/reineraiko.com\/wp-content\/uploads\/2023\/04\/cropped-logo-1.png","width":512,"height":512,"caption":"Raiko Academy"},"image":{"@id":"https:\/\/reineraiko.com\/#\/schema\/logo\/image\/"}}]}},"_links":{"self":[{"href":"https:\/\/reineraiko.com\/en\/wp-json\/wp\/v2\/product\/445","targetHints":{"allow":["GET"]}}],"collection":[{"href":"https:\/\/reineraiko.com\/en\/wp-json\/wp\/v2\/product"}],"about":[{"href":"https:\/\/reineraiko.com\/en\/wp-json\/wp\/v2\/types\/product"}],"wp:featuredmedia":[{"embeddable":true,"href":"https:\/\/reineraiko.com\/en\/wp-json\/wp\/v2\/media\/448"}],"wp:attachment":[{"href":"https:\/\/reineraiko.com\/en\/wp-json\/wp\/v2\/media?parent=445"}],"wp:term":[{"taxonomy":"product_brand","embeddable":true,"href":"https:\/\/reineraiko.com\/en\/wp-json\/wp\/v2\/product_brand?post=445"},{"taxonomy":"product_cat","embeddable":true,"href":"https:\/\/reineraiko.com\/en\/wp-json\/wp\/v2\/product_cat?post=445"},{"taxonomy":"product_tag","embeddable":true,"href":"https:\/\/reineraiko.com\/en\/wp-json\/wp\/v2\/product_tag?post=445"}],"curies":[{"name":"wp","href":"https:\/\/api.w.org\/{rel}","templated":true}]}}