{"id":410,"date":"2023-05-10T13:40:57","date_gmt":"2023-05-10T11:40:57","guid":{"rendered":"https:\/\/reineraiko.com\/?post_type=product&#038;p=410"},"modified":"2023-05-20T10:39:33","modified_gmt":"2023-05-20T08:39:33","slug":"formation-en-ligne-brow-lifting-lamination-sourcils","status":"publish","type":"product","link":"https:\/\/reineraiko.com\/en\/product\/formation-en-ligne-brow-lifting-lamination-sourcils\/","title":{"rendered":"Formation EN LIGNE Brow Lifting-Lamination Sourcils"},"content":{"rendered":"<p>Raiko Lashes Acad\u00e9mie vous propose la Formation EN LIGNE Brow Lifting.<\/p>\n<p><strong>Contenu de la formation.<\/strong><\/p>\n<p>La formation contient 4 modules \u2714\ufe0f<\/p>\n<ol>\n<li>Lamination des sourcils ( Brow Lifting). Proc\u00e9dure et \u00e9tapes.<\/li>\n<li>Mat\u00e9riel n\u00e9cessaire pour la proc\u00e9dure de brow lift.<\/li>\n<li>Indications, contre-indications et le soin vitamin\u00e9 \/ min\u00e9ralis\u00e9 Lashbrow<\/li>\n<li>Teinture et Stylisation des sourcils<\/li>\n<\/ol>\n<p>Un\u00a0dossier th\u00e9orique\u00a0complet vous sera envoy\u00e9 par Poste, ainsi que le\u00a0certificat de formation.<\/p>\n<p>Date : de suite (vous recevrez l\u2019acc\u00e8s \u00e0 la formation apr\u00e8s le paiement);<\/p>\n<p>La\u00a0<strong>partie th\u00e9orique<\/strong>, pr\u00e9sent\u00e9e par la formatrice sur le compte ferm\u00e9 de la formation;<\/p>\n<p>Pr\u00e9sentation du chaque module de formation;<\/p>\n<p>La\u00a0<strong>partie pratique\u00a0<\/strong>sera r\u00e9alis\u00e9e par la formatrice en:<\/p>\n<ul>\n<li>Pr\u00e9sentation de la proc\u00e9dure par la formatrice en vid\u00e9o;<\/li>\n<li>Pr\u00e9sentation sur 2 mod\u00e8les;<\/li>\n<\/ul>\n<p>Le cours en ligne restera sur le compte pendant 1 mois, comme \u00e7a vous avez la possibilit\u00e9 de revoir l\u2019information et vous auriez l\u2019acc\u00e8s aux derni\u00e8res techniques!!!<\/p>\n<p><strong>Suivi<\/strong>\u00a0durant et apr\u00e8s la formation:<\/p>\n<ul>\n<li>la possibilit\u00e9 de poser toutes vos questions \u00e0 la formatrice ;<\/li>\n<li>le suivi continu apr\u00e8s la formation durant 3 mois;<\/li>\n<\/ul>\n<p>Un\u00a0<strong>Certificat<\/strong>\u00a0sera envoy\u00e9 par Poste.<\/p>\n<p>&nbsp;<\/p>\n<p><strong>Prix de formation<\/strong>:<\/p>\n<p><strong>PACK 1 <\/strong>\u2013 Prix 290 chf.- prix sans le KIT;<\/p>\n<p><strong>PACK 2<\/strong> \u2013 Prix 450 chf.- prix avec le KIT DE BASE COMPRIS pour 10 personnes;<\/p>\n<p>Apr\u00e8s le paiement vous recevrez l`acc\u00e8s sur le compte ferm\u00e9 de la formation, ainsi que toutes les d\u00e9tails de la formation.<\/p>\n","protected":false},"excerpt":{"rendered":"<p>La formation contient 4 modules \u2714\ufe0f<\/p>\n<ul>\n<li>Lamination des sourcils ( Brow Lifting). Proc\u00e9dure et \u00e9tapes.<\/li>\n<li>Mat\u00e9riel n\u00e9cessaire pour la proc\u00e9dure de brow lift.<\/li>\n<li>Indications, contre-indications et le soin vitamin\u00e9 \/ min\u00e9ralis\u00e9 Lashbrow<\/li>\n<li>Teinture et Stylisation des sourcils<\/li>\n<\/ul>\n<p>Un dossier th\u00e9orique complet vous sera envoy\u00e9 par Poste, ainsi que le certificat de formation.<\/p>\n","protected":false},"featured_media":215,"template":"","meta":[],"product_brand":[],"product_cat":[17],"product_tag":[],"class_list":{"0":"post-410","1":"product","2":"type-product","3":"status-publish","4":"has-post-thumbnail","6":"product_cat-off-line-courses","8":"first","9":"instock","10":"taxable","11":"shipping-taxable","12":"purchasable","13":"product-type-variable"},"yoast_head":"<!-- This site is optimized with the Yoast SEO Premium plugin v20.10 (Yoast SEO v27.1.1) - https:\/\/yoast.com\/product\/yoast-seo-premium-wordpress\/ -->\n<title>Formation EN LIGNE Brow Lifting-Lamination Sourcils - Raiko Academy<\/title>\n<meta name=\"robots\" content=\"index, follow, max-snippet:-1, max-image-preview:large, max-video-preview:-1\" \/>\n<link rel=\"canonical\" href=\"https:\/\/reineraiko.com\/produit\/formation-en-ligne-brow-lifting-lamination-sourcils\/\" \/>\n<meta property=\"og:locale\" content=\"en_US\" \/>\n<meta property=\"og:type\" content=\"article\" \/>\n<meta property=\"og:title\" content=\"Formation EN LIGNE Brow Lifting-Lamination Sourcils\" \/>\n<meta property=\"og:description\" content=\"La formation contient 4 modules \u2714\ufe0f   Lamination des sourcils ( Brow Lifting). Proc\u00e9dure et \u00e9tapes.  Mat\u00e9riel n\u00e9cessaire pour la proc\u00e9dure de brow lift.  Indications, contre-indications et le soin vitamin\u00e9 \/ min\u00e9ralis\u00e9 Lashbrow  Teinture et Stylisation des sourcils  Un dossier th\u00e9orique complet vous sera envoy\u00e9 par Poste, ainsi que le certificat de formation.\" \/>\n<meta property=\"og:url\" content=\"https:\/\/reineraiko.com\/produit\/formation-en-ligne-brow-lifting-lamination-sourcils\/\" \/>\n<meta property=\"og:site_name\" content=\"Raiko Academy\" \/>\n<meta property=\"article:modified_time\" content=\"2023-05-20T08:39:33+00:00\" \/>\n<meta property=\"og:image\" content=\"https:\/\/reineraiko.com\/wp-content\/uploads\/2023\/05\/14EC7079-600F-48E0-8DA4-6CC6DE772291-1-scaled-1.jpg\" \/>\n\t<meta property=\"og:image:width\" content=\"1920\" \/>\n\t<meta property=\"og:image:height\" content=\"1920\" \/>\n\t<meta property=\"og:image:type\" content=\"image\/jpeg\" \/>\n<meta name=\"twitter:card\" content=\"summary_large_image\" \/>\n<meta name=\"twitter:label1\" content=\"Est. reading time\" \/>\n\t<meta name=\"twitter:data1\" content=\"1 minute\" \/>\n<script type=\"application\/ld+json\" class=\"yoast-schema-graph\">{\"@context\":\"https:\/\/schema.org\",\"@graph\":[{\"@type\":\"WebPage\",\"@id\":\"https:\/\/reineraiko.com\/produit\/formation-en-ligne-brow-lifting-lamination-sourcils\/\",\"url\":\"https:\/\/reineraiko.com\/produit\/formation-en-ligne-brow-lifting-lamination-sourcils\/\",\"name\":\"Formation EN LIGNE Brow Lifting-Lamination Sourcils - Raiko Academy\",\"isPartOf\":{\"@id\":\"https:\/\/reineraiko.com\/#website\"},\"primaryImageOfPage\":{\"@id\":\"https:\/\/reineraiko.com\/produit\/formation-en-ligne-brow-lifting-lamination-sourcils\/#primaryimage\"},\"image\":{\"@id\":\"https:\/\/reineraiko.com\/produit\/formation-en-ligne-brow-lifting-lamination-sourcils\/#primaryimage\"},\"thumbnailUrl\":\"https:\/\/reineraiko.com\/wp-content\/uploads\/2023\/05\/14EC7079-600F-48E0-8DA4-6CC6DE772291-1-scaled-1.jpg\",\"datePublished\":\"2023-05-10T11:40:57+00:00\",\"dateModified\":\"2023-05-20T08:39:33+00:00\",\"breadcrumb\":{\"@id\":\"https:\/\/reineraiko.com\/produit\/formation-en-ligne-brow-lifting-lamination-sourcils\/#breadcrumb\"},\"inLanguage\":\"en-US\",\"potentialAction\":[{\"@type\":\"ReadAction\",\"target\":[\"https:\/\/reineraiko.com\/produit\/formation-en-ligne-brow-lifting-lamination-sourcils\/\"]}]},{\"@type\":\"ImageObject\",\"inLanguage\":\"en-US\",\"@id\":\"https:\/\/reineraiko.com\/produit\/formation-en-ligne-brow-lifting-lamination-sourcils\/#primaryimage\",\"url\":\"https:\/\/reineraiko.com\/wp-content\/uploads\/2023\/05\/14EC7079-600F-48E0-8DA4-6CC6DE772291-1-scaled-1.jpg\",\"contentUrl\":\"https:\/\/reineraiko.com\/wp-content\/uploads\/2023\/05\/14EC7079-600F-48E0-8DA4-6CC6DE772291-1-scaled-1.jpg\",\"width\":1920,\"height\":1920},{\"@type\":\"BreadcrumbList\",\"@id\":\"https:\/\/reineraiko.com\/produit\/formation-en-ligne-brow-lifting-lamination-sourcils\/#breadcrumb\",\"itemListElement\":[{\"@type\":\"ListItem\",\"position\":1,\"name\":\"Accueil\",\"item\":\"https:\/\/reineraiko.com\/en\/\"},{\"@type\":\"ListItem\",\"position\":2,\"name\":\"Catalog\",\"item\":\"https:\/\/reineraiko.com\/en\/shop-2\/\"},{\"@type\":\"ListItem\",\"position\":3,\"name\":\"Cours en pr\u00e9sentiel\",\"item\":\"https:\/\/reineraiko.com\/categorie-produit\/off-line-courses\/\"},{\"@type\":\"ListItem\",\"position\":4,\"name\":\"Formation EN LIGNE Brow Lifting-Lamination Sourcils\"}]},{\"@type\":\"WebSite\",\"@id\":\"https:\/\/reineraiko.com\/#website\",\"url\":\"https:\/\/reineraiko.com\/\",\"name\":\"Raiko Academy\",\"description\":\"\",\"publisher\":{\"@id\":\"https:\/\/reineraiko.com\/#organization\"},\"potentialAction\":[{\"@type\":\"SearchAction\",\"target\":{\"@type\":\"EntryPoint\",\"urlTemplate\":\"https:\/\/reineraiko.com\/?s={search_term_string}\"},\"query-input\":{\"@type\":\"PropertyValueSpecification\",\"valueRequired\":true,\"valueName\":\"search_term_string\"}}],\"inLanguage\":\"en-US\"},{\"@type\":\"Organization\",\"@id\":\"https:\/\/reineraiko.com\/#organization\",\"name\":\"Raiko Academy\",\"url\":\"https:\/\/reineraiko.com\/\",\"logo\":{\"@type\":\"ImageObject\",\"inLanguage\":\"en-US\",\"@id\":\"https:\/\/reineraiko.com\/#\/schema\/logo\/image\/\",\"url\":\"https:\/\/reineraiko.com\/wp-content\/uploads\/2023\/04\/cropped-logo-1.png\",\"contentUrl\":\"https:\/\/reineraiko.com\/wp-content\/uploads\/2023\/04\/cropped-logo-1.png\",\"width\":512,\"height\":512,\"caption\":\"Raiko Academy\"},\"image\":{\"@id\":\"https:\/\/reineraiko.com\/#\/schema\/logo\/image\/\"}}]}<\/script>\n<!-- \/ Yoast SEO Premium plugin. -->","yoast_head_json":{"title":"Formation EN LIGNE Brow Lifting-Lamination Sourcils - Raiko Academy","robots":{"index":"index","follow":"follow","max-snippet":"max-snippet:-1","max-image-preview":"max-image-preview:large","max-video-preview":"max-video-preview:-1"},"canonical":"https:\/\/reineraiko.com\/produit\/formation-en-ligne-brow-lifting-lamination-sourcils\/","og_locale":"en_US","og_type":"article","og_title":"Formation EN LIGNE Brow Lifting-Lamination Sourcils","og_description":"La formation contient 4 modules \u2714\ufe0f   Lamination des sourcils ( Brow Lifting). Proc\u00e9dure et \u00e9tapes.  Mat\u00e9riel n\u00e9cessaire pour la proc\u00e9dure de brow lift.  Indications, contre-indications et le soin vitamin\u00e9 \/ min\u00e9ralis\u00e9 Lashbrow  Teinture et Stylisation des sourcils  Un dossier th\u00e9orique complet vous sera envoy\u00e9 par Poste, ainsi que le certificat de formation.","og_url":"https:\/\/reineraiko.com\/produit\/formation-en-ligne-brow-lifting-lamination-sourcils\/","og_site_name":"Raiko Academy","article_modified_time":"2023-05-20T08:39:33+00:00","og_image":[{"width":1920,"height":1920,"url":"https:\/\/reineraiko.com\/wp-content\/uploads\/2023\/05\/14EC7079-600F-48E0-8DA4-6CC6DE772291-1-scaled-1.jpg","type":"image\/jpeg"}],"twitter_card":"summary_large_image","twitter_misc":{"Est. reading time":"1 minute"},"schema":{"@context":"https:\/\/schema.org","@graph":[{"@type":"WebPage","@id":"https:\/\/reineraiko.com\/produit\/formation-en-ligne-brow-lifting-lamination-sourcils\/","url":"https:\/\/reineraiko.com\/produit\/formation-en-ligne-brow-lifting-lamination-sourcils\/","name":"Formation EN LIGNE Brow Lifting-Lamination Sourcils - Raiko Academy","isPartOf":{"@id":"https:\/\/reineraiko.com\/#website"},"primaryImageOfPage":{"@id":"https:\/\/reineraiko.com\/produit\/formation-en-ligne-brow-lifting-lamination-sourcils\/#primaryimage"},"image":{"@id":"https:\/\/reineraiko.com\/produit\/formation-en-ligne-brow-lifting-lamination-sourcils\/#primaryimage"},"thumbnailUrl":"https:\/\/reineraiko.com\/wp-content\/uploads\/2023\/05\/14EC7079-600F-48E0-8DA4-6CC6DE772291-1-scaled-1.jpg","datePublished":"2023-05-10T11:40:57+00:00","dateModified":"2023-05-20T08:39:33+00:00","breadcrumb":{"@id":"https:\/\/reineraiko.com\/produit\/formation-en-ligne-brow-lifting-lamination-sourcils\/#breadcrumb"},"inLanguage":"en-US","potentialAction":[{"@type":"ReadAction","target":["https:\/\/reineraiko.com\/produit\/formation-en-ligne-brow-lifting-lamination-sourcils\/"]}]},{"@type":"ImageObject","inLanguage":"en-US","@id":"https:\/\/reineraiko.com\/produit\/formation-en-ligne-brow-lifting-lamination-sourcils\/#primaryimage","url":"https:\/\/reineraiko.com\/wp-content\/uploads\/2023\/05\/14EC7079-600F-48E0-8DA4-6CC6DE772291-1-scaled-1.jpg","contentUrl":"https:\/\/reineraiko.com\/wp-content\/uploads\/2023\/05\/14EC7079-600F-48E0-8DA4-6CC6DE772291-1-scaled-1.jpg","width":1920,"height":1920},{"@type":"BreadcrumbList","@id":"https:\/\/reineraiko.com\/produit\/formation-en-ligne-brow-lifting-lamination-sourcils\/#breadcrumb","itemListElement":[{"@type":"ListItem","position":1,"name":"Accueil","item":"https:\/\/reineraiko.com\/en\/"},{"@type":"ListItem","position":2,"name":"Catalog","item":"https:\/\/reineraiko.com\/en\/shop-2\/"},{"@type":"ListItem","position":3,"name":"Cours en pr\u00e9sentiel","item":"https:\/\/reineraiko.com\/categorie-produit\/off-line-courses\/"},{"@type":"ListItem","position":4,"name":"Formation EN LIGNE Brow Lifting-Lamination Sourcils"}]},{"@type":"WebSite","@id":"https:\/\/reineraiko.com\/#website","url":"https:\/\/reineraiko.com\/","name":"Raiko Academy","description":"","publisher":{"@id":"https:\/\/reineraiko.com\/#organization"},"potentialAction":[{"@type":"SearchAction","target":{"@type":"EntryPoint","urlTemplate":"https:\/\/reineraiko.com\/?s={search_term_string}"},"query-input":{"@type":"PropertyValueSpecification","valueRequired":true,"valueName":"search_term_string"}}],"inLanguage":"en-US"},{"@type":"Organization","@id":"https:\/\/reineraiko.com\/#organization","name":"Raiko Academy","url":"https:\/\/reineraiko.com\/","logo":{"@type":"ImageObject","inLanguage":"en-US","@id":"https:\/\/reineraiko.com\/#\/schema\/logo\/image\/","url":"https:\/\/reineraiko.com\/wp-content\/uploads\/2023\/04\/cropped-logo-1.png","contentUrl":"https:\/\/reineraiko.com\/wp-content\/uploads\/2023\/04\/cropped-logo-1.png","width":512,"height":512,"caption":"Raiko Academy"},"image":{"@id":"https:\/\/reineraiko.com\/#\/schema\/logo\/image\/"}}]}},"_links":{"self":[{"href":"https:\/\/reineraiko.com\/en\/wp-json\/wp\/v2\/product\/410","targetHints":{"allow":["GET"]}}],"collection":[{"href":"https:\/\/reineraiko.com\/en\/wp-json\/wp\/v2\/product"}],"about":[{"href":"https:\/\/reineraiko.com\/en\/wp-json\/wp\/v2\/types\/product"}],"wp:featuredmedia":[{"embeddable":true,"href":"https:\/\/reineraiko.com\/en\/wp-json\/wp\/v2\/media\/215"}],"wp:attachment":[{"href":"https:\/\/reineraiko.com\/en\/wp-json\/wp\/v2\/media?parent=410"}],"wp:term":[{"taxonomy":"product_brand","embeddable":true,"href":"https:\/\/reineraiko.com\/en\/wp-json\/wp\/v2\/product_brand?post=410"},{"taxonomy":"product_cat","embeddable":true,"href":"https:\/\/reineraiko.com\/en\/wp-json\/wp\/v2\/product_cat?post=410"},{"taxonomy":"product_tag","embeddable":true,"href":"https:\/\/reineraiko.com\/en\/wp-json\/wp\/v2\/product_tag?post=410"}],"curies":[{"name":"wp","href":"https:\/\/api.w.org\/{rel}","templated":true}]}}