{"id":210,"date":"2023-05-06T12:57:54","date_gmt":"2023-05-06T10:57:54","guid":{"rendered":"https:\/\/reineraiko.com\/?post_type=product&#038;p=210"},"modified":"2023-05-20T10:39:34","modified_gmt":"2023-05-20T08:39:34","slug":"formation-my-lamination-en-rehaussement-et-teinture-de-cils-et-lashbotox","status":"publish","type":"product","link":"https:\/\/reineraiko.com\/en\/product\/formation-my-lamination-en-rehaussement-et-teinture-de-cils-et-lashbotox\/","title":{"rendered":"Formation My Lamination en rehaussement et teinture de cils et LashBotox"},"content":{"rendered":"<p><strong>Vous voulez apprendre quatre nouvelles techniques de la beaut\u00e9 du regard?<\/strong><\/p>\n<p><strong>Vous voulez devenir la meilleure LAMI MAKER?<\/strong><\/p>\n<p><span style=\"font-size: 120%;\">MY LAMINATION\u00ae Suisse et Raiko Beauty Acad\u00e9mie vous pr\u00e9sente la formation:<\/span><\/p>\n<p><strong>My Lamination\u00ae 4 en 1:<\/strong><\/p>\n<p>\u2714 Rehaussement \/ Lamination de cils LASH LIFT<\/p>\n<p>\u2714 Lamination de sourcils BROW LIFT<\/p>\n<p>\u2714 Teinture de cils et sourcils<\/p>\n<p>\u2714 VITAMINE LASHBOTOX<\/p>\n<p><strong>Dur\u00e9e<\/strong>: sur 1 journ\u00e9e (de 9h30 \u00e0 16h30);<\/p>\n<p><strong>Mod\u00e8le<\/strong>: Il faudra pr\u00e9voir une mod\u00e8le pour votre session de formation. De pr\u00e9f\u00e9rence une mod\u00e8le plut\u00f4t jeune pour avoir un maximum de cils naturels.<\/p>\n<p>(Merci de bien vouloir prendre en compte que votre mod\u00e8le ne peut pas assister \u00e0 la partie th\u00e9orie et devra se pr\u00e9senter \u00e0 l\u2019heure pr\u00e9vue dans le programme de formation.)<\/p>\n<p><strong>Date\u00a0disponible:<\/strong><\/p>\n<p><b>le 09 Mai \u00a02023<\/b><\/p>\n<p class=\"p5\"><span class=\"s1\"><b>Acompte et paiement<i>\u00a0:\u00a0<\/i><\/b><\/span><\/p>\n<p>Le prix de la formation:<\/p>\n<p><em><strong>Option 1\u00a0<\/strong>: 650.- avec Kit My Lamination pour 10-15 personnes, 2 certificats de formation, suivi 1 mois apr\u00e8s la formation.<\/em><\/p>\n<p><em><strong>Option 2<\/strong>: 550.- prix de la formation sans kit, 2 certificats de formation, suivi 1 mois apr\u00e8s la formation.<\/em><\/p>\n<p>L`inscription sera valid\u00e9e par le paiement total de la formation (650.-\/550-), selon votre choix.<\/p>\n<p>Par la suite, toute l`information concernant le programme, mod\u00e8le, etc sera envoy\u00e9e par message.<\/p>\n<p>Max 3 \u00e9l\u00e8ves par session<\/p>\n<p class=\"p1\"><strong><span class=\"s1\">Pr\u00e9 requis :<\/span><\/strong><\/p>\n<p class=\"p1\">Avoir une bonne vision\u00a0<i>(<\/i><span class=\"s1\"><i>\u00e0 v\u00e9rifier chez un ophtalmologue avant formation<\/i><\/span><i>).<\/i><\/p>\n<p class=\"p1\">Savoir travailler avec pr\u00e9cision.<\/p>\n<p><strong>Programme:<\/strong><\/p>\n<p>9h30 \u2013 12h00 partie th\u00e9orique<\/p>\n<p>12h00 \u2013 13h00 pause<\/p>\n<p>13h00 \u2013 14h30 pr\u00e9sentation de la proc\u00e9dure Lamination cils et sourcils sur un mod\u00e8le par la formatrice<\/p>\n<p>14h30 \u2013 16h30 partie pratique sur votre mod\u00e8le, suivie par la formatrice<\/p>\n<p>La formation la plus r\u00e9cente et la plus compl\u00e8te, comprenant:<\/p>\n<ul>\n<li><em>Manuel de formation.<\/em><\/li>\n<li><em>Mat\u00e9riel durant la formation compris dans le prix.<\/em><\/li>\n<li><em>Suivi apr\u00e8s le cours (pour la pratique avec vos mod\u00e8les).<\/em><\/li>\n<li><em>Certificat de formation My Lamination\u00ae personnalis\u00e9.<\/em><\/li>\n<li><em>Nombre limit\u00e9 de participants.<\/em><\/li>\n<li><em>KIT complet d`initiation offert pour 10-15 clientes.<\/em><\/li>\n<\/ul>\n<p><strong>La th\u00e9orie My Lamination<\/strong>:<\/p>\n<ul>\n<li>Pr\u00e9sentation<\/li>\n<li>Structure des cils naturels<\/li>\n<li>Le cycle de vie des cils<\/li>\n<li>Composition chimique des cils<\/li>\n<li>D\u00e9sinfection et st\u00e9rilisation<\/li>\n<li>Pr\u00e9sentation des produit<\/li>\n<li>Contre-indications<\/li>\n<li>Le test de sensibilit\u00e9<\/li>\n<li>Les proc\u00e9dures \u00e0 effectuer<\/li>\n<li>\u00c9tude de l\u2019efficacit\u00e9 du traitement My Lamination<\/li>\n<li>Particularit\u00e9s sur la forme des yeux<\/li>\n<li>Comment choisir le Pad en silicone<\/li>\n<li>Temps de pose des produits<\/li>\n<li>Techniques d\u2019application<\/li>\n<li>Courbure des cils in\u00e9gaux, pourquoi?<\/li>\n<li>Erreurs fr\u00e9quentes<\/li>\n<li>\u00c9tapes d\u00e9taill\u00e9es<\/li>\n<li>Partie pratique<\/li>\n<li>Post-traitement,<\/li>\n<li>Le BROW LIFT \u2013 pr\u00e9sentation<\/li>\n<li>Les techniques \u00e0 r\u00e9aliser le brow lift, etc.<\/li>\n<\/ul>\n<p><strong>KIT complet d`initiation<\/strong><\/p>\n<p>Min\u00e9ral Lashbrow\u00a0 15 ml<\/p>\n<p>1 bo\u00eete avec 5 sachets cr\u00e8me Lifting<\/p>\n<p>1 bo\u00eete avec 5 sachets cr\u00e8me neutralisante<\/p>\n<p>1 bo\u00eete avec 5 sachets s\u00e9rum hydratant<\/p>\n<p>1 Adh\u00e9sive Lash Lift<\/p>\n<p>1 Developer<\/p>\n<p>1 Color Blue Black<\/p>\n<p>1 Color Brown<\/p>\n<p>1 applicateur<\/p>\n<p>1 mix silicon pads Pink<\/p>\n<p>20 microbrosses<\/p>\n<p>10 brosses \u00e0 cils<\/p>\n<p>5 paires eyepatch hydrogel<\/p>\n<p><em>Cadeau de l`Acad\u00e9mie Raiko Beauty<\/em>\u00a0:<\/p>\n<p>1 scotch papier<\/p>\n<p>1 lami pinceau<\/p>\n<p>1 lami container<\/p>\n<p>2 lami fix ribbons<\/p>\n<p>2 silicon eyepatch<\/p>\n<p>Votre Formatrice dipl\u00f4m\u00e9e MyLamination, \u00e0 Lausanne, Suisse souhaite vous transmettre le savoir faire de la technique de nouvelle g\u00e9n\u00e9ration.<\/p>\n<p>Informations et d\u00e9tails par Email :\u00a0<strong><a href=\"mailto:info@reineraiko.ch\">info@reineraiko.ch<\/a><\/strong><\/p>\n","protected":false},"excerpt":{"rendered":"<p><strong>MY LAMINATION\u00ae Suisse et Raiko Beauty Acad\u00e9mie pr\u00e9sente la formation:<\/strong><\/p>\n<p>My Lamination\u00ae 4 en 1:<\/p>\n<ul>\n<li>Rehaussement \/ Lamination de cils LASH LIFT<\/li>\n<li>Lamination de sourcils BROW LIFT<\/li>\n<li>Teinture de cils et sourcils<\/li>\n<li>VITAMINE LASHBOTOX<\/li>\n<\/ul>\n","protected":false},"featured_media":100,"template":"","meta":[],"product_brand":[],"product_cat":[17],"product_tag":[],"class_list":{"0":"post-210","1":"product","2":"type-product","3":"status-publish","4":"has-post-thumbnail","6":"product_cat-off-line-courses","8":"first","9":"instock","10":"taxable","11":"shipping-taxable","12":"purchasable","13":"product-type-variable"},"yoast_head":"<!-- This site is optimized with the Yoast SEO Premium plugin v20.10 (Yoast SEO v27.1.1) - https:\/\/yoast.com\/product\/yoast-seo-premium-wordpress\/ -->\n<title>Formation My Lamination en rehaussement et teinture de cils et LashBotox - Raiko Academy<\/title>\n<meta name=\"robots\" content=\"index, follow, max-snippet:-1, max-image-preview:large, max-video-preview:-1\" \/>\n<link rel=\"canonical\" href=\"https:\/\/reineraiko.com\/produit\/formation-my-lamination-en-rehaussement-et-teinture-de-cils-et-lashbotox\/\" \/>\n<meta property=\"og:locale\" content=\"en_US\" \/>\n<meta property=\"og:type\" content=\"article\" \/>\n<meta property=\"og:title\" content=\"Formation My Lamination en rehaussement et teinture de cils et LashBotox\" \/>\n<meta property=\"og:description\" content=\"MY LAMINATION\u00ae Suisse et Raiko Beauty Acad\u00e9mie pr\u00e9sente la formation:  My Lamination\u00ae 4 en 1:   Rehaussement \/ Lamination de cils LASH LIFT  Lamination de sourcils BROW LIFT  Teinture de cils et sourcils  VITAMINE LASHBOTOX\" \/>\n<meta property=\"og:url\" content=\"https:\/\/reineraiko.com\/produit\/formation-my-lamination-en-rehaussement-et-teinture-de-cils-et-lashbotox\/\" \/>\n<meta property=\"og:site_name\" content=\"Raiko Academy\" \/>\n<meta property=\"article:modified_time\" content=\"2023-05-20T08:39:34+00:00\" \/>\n<meta property=\"og:image\" content=\"https:\/\/reineraiko.com\/wp-content\/uploads\/2023\/05\/sep-e1596465293953.jpg\" \/>\n\t<meta property=\"og:image:width\" content=\"800\" \/>\n\t<meta property=\"og:image:height\" content=\"800\" \/>\n\t<meta property=\"og:image:type\" content=\"image\/jpeg\" \/>\n<meta name=\"twitter:card\" content=\"summary_large_image\" \/>\n<meta name=\"twitter:label1\" content=\"Est. reading time\" \/>\n\t<meta name=\"twitter:data1\" content=\"3 minutes\" \/>\n<script type=\"application\/ld+json\" class=\"yoast-schema-graph\">{\"@context\":\"https:\/\/schema.org\",\"@graph\":[{\"@type\":\"WebPage\",\"@id\":\"https:\/\/reineraiko.com\/produit\/formation-my-lamination-en-rehaussement-et-teinture-de-cils-et-lashbotox\/\",\"url\":\"https:\/\/reineraiko.com\/produit\/formation-my-lamination-en-rehaussement-et-teinture-de-cils-et-lashbotox\/\",\"name\":\"Formation My Lamination en rehaussement et teinture de cils et LashBotox - Raiko Academy\",\"isPartOf\":{\"@id\":\"https:\/\/reineraiko.com\/#website\"},\"primaryImageOfPage\":{\"@id\":\"https:\/\/reineraiko.com\/produit\/formation-my-lamination-en-rehaussement-et-teinture-de-cils-et-lashbotox\/#primaryimage\"},\"image\":{\"@id\":\"https:\/\/reineraiko.com\/produit\/formation-my-lamination-en-rehaussement-et-teinture-de-cils-et-lashbotox\/#primaryimage\"},\"thumbnailUrl\":\"https:\/\/reineraiko.com\/wp-content\/uploads\/2023\/05\/sep-e1596465293953.jpg\",\"datePublished\":\"2023-05-06T10:57:54+00:00\",\"dateModified\":\"2023-05-20T08:39:34+00:00\",\"breadcrumb\":{\"@id\":\"https:\/\/reineraiko.com\/produit\/formation-my-lamination-en-rehaussement-et-teinture-de-cils-et-lashbotox\/#breadcrumb\"},\"inLanguage\":\"en-US\",\"potentialAction\":[{\"@type\":\"ReadAction\",\"target\":[\"https:\/\/reineraiko.com\/produit\/formation-my-lamination-en-rehaussement-et-teinture-de-cils-et-lashbotox\/\"]}]},{\"@type\":\"ImageObject\",\"inLanguage\":\"en-US\",\"@id\":\"https:\/\/reineraiko.com\/produit\/formation-my-lamination-en-rehaussement-et-teinture-de-cils-et-lashbotox\/#primaryimage\",\"url\":\"https:\/\/reineraiko.com\/wp-content\/uploads\/2023\/05\/sep-e1596465293953.jpg\",\"contentUrl\":\"https:\/\/reineraiko.com\/wp-content\/uploads\/2023\/05\/sep-e1596465293953.jpg\",\"width\":800,\"height\":800},{\"@type\":\"BreadcrumbList\",\"@id\":\"https:\/\/reineraiko.com\/produit\/formation-my-lamination-en-rehaussement-et-teinture-de-cils-et-lashbotox\/#breadcrumb\",\"itemListElement\":[{\"@type\":\"ListItem\",\"position\":1,\"name\":\"Accueil\",\"item\":\"https:\/\/reineraiko.com\/en\/\"},{\"@type\":\"ListItem\",\"position\":2,\"name\":\"Catalog\",\"item\":\"https:\/\/reineraiko.com\/en\/shop-2\/\"},{\"@type\":\"ListItem\",\"position\":3,\"name\":\"Cours en pr\u00e9sentiel\",\"item\":\"https:\/\/reineraiko.com\/categorie-produit\/off-line-courses\/\"},{\"@type\":\"ListItem\",\"position\":4,\"name\":\"Formation My Lamination en rehaussement et teinture de cils et LashBotox\"}]},{\"@type\":\"WebSite\",\"@id\":\"https:\/\/reineraiko.com\/#website\",\"url\":\"https:\/\/reineraiko.com\/\",\"name\":\"Raiko Academy\",\"description\":\"\",\"publisher\":{\"@id\":\"https:\/\/reineraiko.com\/#organization\"},\"potentialAction\":[{\"@type\":\"SearchAction\",\"target\":{\"@type\":\"EntryPoint\",\"urlTemplate\":\"https:\/\/reineraiko.com\/?s={search_term_string}\"},\"query-input\":{\"@type\":\"PropertyValueSpecification\",\"valueRequired\":true,\"valueName\":\"search_term_string\"}}],\"inLanguage\":\"en-US\"},{\"@type\":\"Organization\",\"@id\":\"https:\/\/reineraiko.com\/#organization\",\"name\":\"Raiko Academy\",\"url\":\"https:\/\/reineraiko.com\/\",\"logo\":{\"@type\":\"ImageObject\",\"inLanguage\":\"en-US\",\"@id\":\"https:\/\/reineraiko.com\/#\/schema\/logo\/image\/\",\"url\":\"https:\/\/reineraiko.com\/wp-content\/uploads\/2023\/04\/cropped-logo-1.png\",\"contentUrl\":\"https:\/\/reineraiko.com\/wp-content\/uploads\/2023\/04\/cropped-logo-1.png\",\"width\":512,\"height\":512,\"caption\":\"Raiko Academy\"},\"image\":{\"@id\":\"https:\/\/reineraiko.com\/#\/schema\/logo\/image\/\"}}]}<\/script>\n<!-- \/ Yoast SEO Premium plugin. -->","yoast_head_json":{"title":"Formation My Lamination en rehaussement et teinture de cils et LashBotox - Raiko Academy","robots":{"index":"index","follow":"follow","max-snippet":"max-snippet:-1","max-image-preview":"max-image-preview:large","max-video-preview":"max-video-preview:-1"},"canonical":"https:\/\/reineraiko.com\/produit\/formation-my-lamination-en-rehaussement-et-teinture-de-cils-et-lashbotox\/","og_locale":"en_US","og_type":"article","og_title":"Formation My Lamination en rehaussement et teinture de cils et LashBotox","og_description":"MY LAMINATION\u00ae Suisse et Raiko Beauty Acad\u00e9mie pr\u00e9sente la formation:  My Lamination\u00ae 4 en 1:   Rehaussement \/ Lamination de cils LASH LIFT  Lamination de sourcils BROW LIFT  Teinture de cils et sourcils  VITAMINE LASHBOTOX","og_url":"https:\/\/reineraiko.com\/produit\/formation-my-lamination-en-rehaussement-et-teinture-de-cils-et-lashbotox\/","og_site_name":"Raiko Academy","article_modified_time":"2023-05-20T08:39:34+00:00","og_image":[{"width":800,"height":800,"url":"https:\/\/reineraiko.com\/wp-content\/uploads\/2023\/05\/sep-e1596465293953.jpg","type":"image\/jpeg"}],"twitter_card":"summary_large_image","twitter_misc":{"Est. reading time":"3 minutes"},"schema":{"@context":"https:\/\/schema.org","@graph":[{"@type":"WebPage","@id":"https:\/\/reineraiko.com\/produit\/formation-my-lamination-en-rehaussement-et-teinture-de-cils-et-lashbotox\/","url":"https:\/\/reineraiko.com\/produit\/formation-my-lamination-en-rehaussement-et-teinture-de-cils-et-lashbotox\/","name":"Formation My Lamination en rehaussement et teinture de cils et LashBotox - Raiko Academy","isPartOf":{"@id":"https:\/\/reineraiko.com\/#website"},"primaryImageOfPage":{"@id":"https:\/\/reineraiko.com\/produit\/formation-my-lamination-en-rehaussement-et-teinture-de-cils-et-lashbotox\/#primaryimage"},"image":{"@id":"https:\/\/reineraiko.com\/produit\/formation-my-lamination-en-rehaussement-et-teinture-de-cils-et-lashbotox\/#primaryimage"},"thumbnailUrl":"https:\/\/reineraiko.com\/wp-content\/uploads\/2023\/05\/sep-e1596465293953.jpg","datePublished":"2023-05-06T10:57:54+00:00","dateModified":"2023-05-20T08:39:34+00:00","breadcrumb":{"@id":"https:\/\/reineraiko.com\/produit\/formation-my-lamination-en-rehaussement-et-teinture-de-cils-et-lashbotox\/#breadcrumb"},"inLanguage":"en-US","potentialAction":[{"@type":"ReadAction","target":["https:\/\/reineraiko.com\/produit\/formation-my-lamination-en-rehaussement-et-teinture-de-cils-et-lashbotox\/"]}]},{"@type":"ImageObject","inLanguage":"en-US","@id":"https:\/\/reineraiko.com\/produit\/formation-my-lamination-en-rehaussement-et-teinture-de-cils-et-lashbotox\/#primaryimage","url":"https:\/\/reineraiko.com\/wp-content\/uploads\/2023\/05\/sep-e1596465293953.jpg","contentUrl":"https:\/\/reineraiko.com\/wp-content\/uploads\/2023\/05\/sep-e1596465293953.jpg","width":800,"height":800},{"@type":"BreadcrumbList","@id":"https:\/\/reineraiko.com\/produit\/formation-my-lamination-en-rehaussement-et-teinture-de-cils-et-lashbotox\/#breadcrumb","itemListElement":[{"@type":"ListItem","position":1,"name":"Accueil","item":"https:\/\/reineraiko.com\/en\/"},{"@type":"ListItem","position":2,"name":"Catalog","item":"https:\/\/reineraiko.com\/en\/shop-2\/"},{"@type":"ListItem","position":3,"name":"Cours en pr\u00e9sentiel","item":"https:\/\/reineraiko.com\/categorie-produit\/off-line-courses\/"},{"@type":"ListItem","position":4,"name":"Formation My Lamination en rehaussement et teinture de cils et LashBotox"}]},{"@type":"WebSite","@id":"https:\/\/reineraiko.com\/#website","url":"https:\/\/reineraiko.com\/","name":"Raiko Academy","description":"","publisher":{"@id":"https:\/\/reineraiko.com\/#organization"},"potentialAction":[{"@type":"SearchAction","target":{"@type":"EntryPoint","urlTemplate":"https:\/\/reineraiko.com\/?s={search_term_string}"},"query-input":{"@type":"PropertyValueSpecification","valueRequired":true,"valueName":"search_term_string"}}],"inLanguage":"en-US"},{"@type":"Organization","@id":"https:\/\/reineraiko.com\/#organization","name":"Raiko Academy","url":"https:\/\/reineraiko.com\/","logo":{"@type":"ImageObject","inLanguage":"en-US","@id":"https:\/\/reineraiko.com\/#\/schema\/logo\/image\/","url":"https:\/\/reineraiko.com\/wp-content\/uploads\/2023\/04\/cropped-logo-1.png","contentUrl":"https:\/\/reineraiko.com\/wp-content\/uploads\/2023\/04\/cropped-logo-1.png","width":512,"height":512,"caption":"Raiko Academy"},"image":{"@id":"https:\/\/reineraiko.com\/#\/schema\/logo\/image\/"}}]}},"_links":{"self":[{"href":"https:\/\/reineraiko.com\/en\/wp-json\/wp\/v2\/product\/210","targetHints":{"allow":["GET"]}}],"collection":[{"href":"https:\/\/reineraiko.com\/en\/wp-json\/wp\/v2\/product"}],"about":[{"href":"https:\/\/reineraiko.com\/en\/wp-json\/wp\/v2\/types\/product"}],"wp:featuredmedia":[{"embeddable":true,"href":"https:\/\/reineraiko.com\/en\/wp-json\/wp\/v2\/media\/100"}],"wp:attachment":[{"href":"https:\/\/reineraiko.com\/en\/wp-json\/wp\/v2\/media?parent=210"}],"wp:term":[{"taxonomy":"product_brand","embeddable":true,"href":"https:\/\/reineraiko.com\/en\/wp-json\/wp\/v2\/product_brand?post=210"},{"taxonomy":"product_cat","embeddable":true,"href":"https:\/\/reineraiko.com\/en\/wp-json\/wp\/v2\/product_cat?post=210"},{"taxonomy":"product_tag","embeddable":true,"href":"https:\/\/reineraiko.com\/en\/wp-json\/wp\/v2\/product_tag?post=210"}],"curies":[{"name":"wp","href":"https:\/\/api.w.org\/{rel}","templated":true}]}}